{"id":3500,"date":"2026-01-30T19:29:07","date_gmt":"2026-01-30T19:29:07","guid":{"rendered":"https:\/\/newfpi.velsoftlabs.com\/product\/technologie-numerique-ce\/"},"modified":"2026-04-30T22:24:45","modified_gmt":"2026-04-30T22:24:45","slug":"technologie-numerique-ce","status":"publish","type":"product","link":"https:\/\/newfpi.velsoftlabs.com\/fr\/produit\/technologie-numerique-ce\/","title":{"rendered":"Technologie num\u00e9rique &#8211; CE"},"excerpt":{"rendered":"<p>Description du cours Ce cours permet de comprendre l&rsquo;analyse des dangers et la ma\u00eetrise des points critiques (HACCP) ainsi que l&rsquo;importance de disposer d&rsquo;un programme de salubrit\u00e9 alimentaire. Ce programme d&rsquo;introduction explique comment chaque personne travaillant dans l&rsquo;\u00e9tablissement peut avoir un impact positif ou n\u00e9gatif sur la salubrit\u00e9 alimentaire. Les participants devraient \u00eatre en mesure [&hellip;]<\/p>\n","protected":false},"featured_media":2960,"comment_status":"open","ping_status":"closed","template":"","meta":{"_acf_changed":false},"product_brand":[],"product_cat":[101],"product_tag":[],"class_list":{"0":"post-3500","1":"product","2":"type-product","3":"status-publish","4":"has-post-thumbnail","6":"product_cat-competences-essentielles","8":"first","9":"instock","10":"shipping-taxable","11":"purchasable","12":"product-type-simple"},"acf":[],"_links":{"self":[{"href":"https:\/\/newfpi.velsoftlabs.com\/fr\/wp-json\/wp\/v2\/product\/3500","targetHints":{"allow":["GET"]}}],"collection":[{"href":"https:\/\/newfpi.velsoftlabs.com\/fr\/wp-json\/wp\/v2\/product"}],"about":[{"href":"https:\/\/newfpi.velsoftlabs.com\/fr\/wp-json\/wp\/v2\/types\/product"}],"replies":[{"embeddable":true,"href":"https:\/\/newfpi.velsoftlabs.com\/fr\/wp-json\/wp\/v2\/comments?post=3500"}],"version-history":[{"count":1,"href":"https:\/\/newfpi.velsoftlabs.com\/fr\/wp-json\/wp\/v2\/product\/3500\/revisions"}],"predecessor-version":[{"id":3501,"href":"https:\/\/newfpi.velsoftlabs.com\/fr\/wp-json\/wp\/v2\/product\/3500\/revisions\/3501"}],"wp:featuredmedia":[{"embeddable":true,"href":"https:\/\/newfpi.velsoftlabs.com\/fr\/wp-json\/wp\/v2\/media\/2960"}],"wp:attachment":[{"href":"https:\/\/newfpi.velsoftlabs.com\/fr\/wp-json\/wp\/v2\/media?parent=3500"}],"wp:term":[{"taxonomy":"product_brand","embeddable":true,"href":"https:\/\/newfpi.velsoftlabs.com\/fr\/wp-json\/wp\/v2\/product_brand?post=3500"},{"taxonomy":"product_cat","embeddable":true,"href":"https:\/\/newfpi.velsoftlabs.com\/fr\/wp-json\/wp\/v2\/product_cat?post=3500"},{"taxonomy":"product_tag","embeddable":true,"href":"https:\/\/newfpi.velsoftlabs.com\/fr\/wp-json\/wp\/v2\/product_tag?post=3500"}],"curies":[{"name":"wp","href":"https:\/\/api.w.org\/{rel}","templated":true}]}}