{"id":3519,"date":"2026-01-07T20:02:58","date_gmt":"2026-01-07T20:02:58","guid":{"rendered":"https:\/\/newfpi.velsoftlabs.com\/product\/retards-et-pauses\/"},"modified":"2026-04-30T22:24:46","modified_gmt":"2026-04-30T22:24:46","slug":"retards-et-pauses","status":"publish","type":"product","link":"https:\/\/newfpi.velsoftlabs.com\/fr\/produit\/retards-et-pauses\/","title":{"rendered":"Retards et pauses"},"excerpt":{"rendered":"<p>Description du cours Les probl\u00e8mes d&rsquo;assiduit\u00e9 peuvent sembler mineurs au d\u00e9part, mais avec le temps, les retards r\u00e9p\u00e9t\u00e9s, les pauses prolong\u00e9es et les absences fr\u00e9quentes peuvent nuire \u00e0 l&rsquo;\u00e9quit\u00e9, frustrer les \u00e9quipes et engendrer de s\u00e9rieux probl\u00e8mes de performance. Dans ce cours, nous verrons comment rep\u00e9rer les signes avant-coureurs de probl\u00e8mes d&rsquo;assiduit\u00e9 et y r\u00e9agir [&hellip;]<\/p>\n","protected":false},"featured_media":2994,"comment_status":"open","ping_status":"closed","template":"","meta":{"_acf_changed":false},"product_brand":[],"product_cat":[96],"product_tag":[],"class_list":{"0":"post-3519","1":"product","2":"type-product","3":"status-publish","4":"has-post-thumbnail","6":"product_cat-ressources-humaines-gestion-des-talents","8":"first","9":"instock","10":"shipping-taxable","11":"purchasable","12":"product-type-simple"},"acf":[],"_links":{"self":[{"href":"https:\/\/newfpi.velsoftlabs.com\/fr\/wp-json\/wp\/v2\/product\/3519","targetHints":{"allow":["GET"]}}],"collection":[{"href":"https:\/\/newfpi.velsoftlabs.com\/fr\/wp-json\/wp\/v2\/product"}],"about":[{"href":"https:\/\/newfpi.velsoftlabs.com\/fr\/wp-json\/wp\/v2\/types\/product"}],"replies":[{"embeddable":true,"href":"https:\/\/newfpi.velsoftlabs.com\/fr\/wp-json\/wp\/v2\/comments?post=3519"}],"version-history":[{"count":1,"href":"https:\/\/newfpi.velsoftlabs.com\/fr\/wp-json\/wp\/v2\/product\/3519\/revisions"}],"predecessor-version":[{"id":3521,"href":"https:\/\/newfpi.velsoftlabs.com\/fr\/wp-json\/wp\/v2\/product\/3519\/revisions\/3521"}],"wp:featuredmedia":[{"embeddable":true,"href":"https:\/\/newfpi.velsoftlabs.com\/fr\/wp-json\/wp\/v2\/media\/2994"}],"wp:attachment":[{"href":"https:\/\/newfpi.velsoftlabs.com\/fr\/wp-json\/wp\/v2\/media?parent=3519"}],"wp:term":[{"taxonomy":"product_brand","embeddable":true,"href":"https:\/\/newfpi.velsoftlabs.com\/fr\/wp-json\/wp\/v2\/product_brand?post=3519"},{"taxonomy":"product_cat","embeddable":true,"href":"https:\/\/newfpi.velsoftlabs.com\/fr\/wp-json\/wp\/v2\/product_cat?post=3519"},{"taxonomy":"product_tag","embeddable":true,"href":"https:\/\/newfpi.velsoftlabs.com\/fr\/wp-json\/wp\/v2\/product_tag?post=3519"}],"curies":[{"name":"wp","href":"https:\/\/api.w.org\/{rel}","templated":true}]}}