{"id":3643,"date":"2026-01-07T20:02:43","date_gmt":"2026-01-07T20:02:43","guid":{"rendered":"https:\/\/newfpi.velsoftlabs.com\/product\/salubrite-alimentaire-en-distribution-et-en-entrepot\/"},"modified":"2026-04-30T22:29:18","modified_gmt":"2026-04-30T22:29:18","slug":"salubrite-alimentaire-en-distribution-et-en-entrepot","status":"publish","type":"product","link":"https:\/\/newfpi.velsoftlabs.com\/fr\/produit\/salubrite-alimentaire-en-distribution-et-en-entrepot\/","title":{"rendered":"Salubrit\u00e9 alimentaire en distribution et en entrep\u00f4t"},"excerpt":{"rendered":"<p>Description du cours Ce cours offre une compr\u00e9hension de l&rsquo;analyse des dangers et des points critiques de contr\u00f4le (HACCP) ainsi que de l&rsquo;importance d&rsquo;avoir un programme de salubrit\u00e9 alimentaire. Ce programme d&rsquo;introduction explique comment chaque personne travaillant dans une installation peut avoir une incidence positive ou n\u00e9gative sur la salubrit\u00e9 alimentaire. Les participants devraient \u00eatre [&hellip;]<\/p>\n","protected":false},"featured_media":2990,"comment_status":"open","ping_status":"closed","template":"","meta":{"_acf_changed":false},"product_brand":[],"product_cat":[97],"product_tag":[],"class_list":{"0":"post-3643","1":"product","2":"type-product","3":"status-publish","4":"has-post-thumbnail","6":"product_cat-securite-alimentaire","8":"first","9":"instock","10":"shipping-taxable","11":"purchasable","12":"product-type-variable"},"acf":[],"_links":{"self":[{"href":"https:\/\/newfpi.velsoftlabs.com\/fr\/wp-json\/wp\/v2\/product\/3643","targetHints":{"allow":["GET"]}}],"collection":[{"href":"https:\/\/newfpi.velsoftlabs.com\/fr\/wp-json\/wp\/v2\/product"}],"about":[{"href":"https:\/\/newfpi.velsoftlabs.com\/fr\/wp-json\/wp\/v2\/types\/product"}],"replies":[{"embeddable":true,"href":"https:\/\/newfpi.velsoftlabs.com\/fr\/wp-json\/wp\/v2\/comments?post=3643"}],"version-history":[{"count":1,"href":"https:\/\/newfpi.velsoftlabs.com\/fr\/wp-json\/wp\/v2\/product\/3643\/revisions"}],"predecessor-version":[{"id":3646,"href":"https:\/\/newfpi.velsoftlabs.com\/fr\/wp-json\/wp\/v2\/product\/3643\/revisions\/3646"}],"wp:featuredmedia":[{"embeddable":true,"href":"https:\/\/newfpi.velsoftlabs.com\/fr\/wp-json\/wp\/v2\/media\/2990"}],"wp:attachment":[{"href":"https:\/\/newfpi.velsoftlabs.com\/fr\/wp-json\/wp\/v2\/media?parent=3643"}],"wp:term":[{"taxonomy":"product_brand","embeddable":true,"href":"https:\/\/newfpi.velsoftlabs.com\/fr\/wp-json\/wp\/v2\/product_brand?post=3643"},{"taxonomy":"product_cat","embeddable":true,"href":"https:\/\/newfpi.velsoftlabs.com\/fr\/wp-json\/wp\/v2\/product_cat?post=3643"},{"taxonomy":"product_tag","embeddable":true,"href":"https:\/\/newfpi.velsoftlabs.com\/fr\/wp-json\/wp\/v2\/product_tag?post=3643"}],"curies":[{"name":"wp","href":"https:\/\/api.w.org\/{rel}","templated":true}]}}