{"id":3665,"date":"2026-01-07T20:02:40","date_gmt":"2026-01-07T20:02:40","guid":{"rendered":"https:\/\/newfpi.velsoftlabs.com\/product\/diriger-lorganisation\/"},"modified":"2026-04-30T22:29:20","modified_gmt":"2026-04-30T22:29:20","slug":"diriger-lorganisation","status":"publish","type":"product","link":"https:\/\/newfpi.velsoftlabs.com\/fr\/produit\/diriger-lorganisation\/","title":{"rendered":"Diriger l&rsquo;organisation"},"excerpt":{"rendered":"<p>Description du cours Ce cours permet de comprendre l&rsquo;analyse des risques et la ma\u00eetrise des points critiques (HACCP) ainsi que l&rsquo;importance d&rsquo;avoir un programme de salubrit\u00e9 alimentaire. Ce programme d&rsquo;introduction explique comment chaque personne travaillant dans l&rsquo;\u00e9tablissement peut avoir une incidence positive ou n\u00e9gative sur la salubrit\u00e9 des aliments. Les participants devraient pouvoir expliquer les [&hellip;]<\/p>\n","protected":false},"featured_media":3003,"comment_status":"open","ping_status":"closed","template":"","meta":{"_acf_changed":false},"product_brand":[],"product_cat":[98],"product_tag":[],"class_list":{"0":"post-3665","1":"product","2":"type-product","3":"status-publish","4":"has-post-thumbnail","6":"product_cat-apprentissage-socioemotionnel","8":"first","9":"instock","10":"shipping-taxable","11":"purchasable","12":"product-type-variable"},"acf":[],"_links":{"self":[{"href":"https:\/\/newfpi.velsoftlabs.com\/fr\/wp-json\/wp\/v2\/product\/3665","targetHints":{"allow":["GET"]}}],"collection":[{"href":"https:\/\/newfpi.velsoftlabs.com\/fr\/wp-json\/wp\/v2\/product"}],"about":[{"href":"https:\/\/newfpi.velsoftlabs.com\/fr\/wp-json\/wp\/v2\/types\/product"}],"replies":[{"embeddable":true,"href":"https:\/\/newfpi.velsoftlabs.com\/fr\/wp-json\/wp\/v2\/comments?post=3665"}],"version-history":[{"count":1,"href":"https:\/\/newfpi.velsoftlabs.com\/fr\/wp-json\/wp\/v2\/product\/3665\/revisions"}],"predecessor-version":[{"id":3668,"href":"https:\/\/newfpi.velsoftlabs.com\/fr\/wp-json\/wp\/v2\/product\/3665\/revisions\/3668"}],"wp:featuredmedia":[{"embeddable":true,"href":"https:\/\/newfpi.velsoftlabs.com\/fr\/wp-json\/wp\/v2\/media\/3003"}],"wp:attachment":[{"href":"https:\/\/newfpi.velsoftlabs.com\/fr\/wp-json\/wp\/v2\/media?parent=3665"}],"wp:term":[{"taxonomy":"product_brand","embeddable":true,"href":"https:\/\/newfpi.velsoftlabs.com\/fr\/wp-json\/wp\/v2\/product_brand?post=3665"},{"taxonomy":"product_cat","embeddable":true,"href":"https:\/\/newfpi.velsoftlabs.com\/fr\/wp-json\/wp\/v2\/product_cat?post=3665"},{"taxonomy":"product_tag","embeddable":true,"href":"https:\/\/newfpi.velsoftlabs.com\/fr\/wp-json\/wp\/v2\/product_tag?post=3665"}],"curies":[{"name":"wp","href":"https:\/\/api.w.org\/{rel}","templated":true}]}}