{"id":3707,"date":"2026-01-07T20:02:38","date_gmt":"2026-01-07T20:02:38","guid":{"rendered":"https:\/\/newfpi.velsoftlabs.com\/product\/dei-serie-3-enrichir-votre-vocabulaire-inclusif-en-matiere-de-genre\/"},"modified":"2026-04-30T22:30:57","modified_gmt":"2026-04-30T22:30:57","slug":"dei-serie-3-enrichir-votre-vocabulaire-inclusif-en-matiere-de-genre","status":"publish","type":"product","link":"https:\/\/newfpi.velsoftlabs.com\/fr\/produit\/dei-serie-3-enrichir-votre-vocabulaire-inclusif-en-matiere-de-genre\/","title":{"rendered":"D\u00c9I &#8211; S\u00e9rie 3 &#8211; Enrichir votre vocabulaire inclusif en mati\u00e8re de genre"},"excerpt":{"rendered":"<p>Description du cours Ce cours offre une compr\u00e9hension de l&rsquo;analyse des risques et de la ma\u00eetrise des points critiques (HACCP) et de l&rsquo;importance d&rsquo;avoir un programme de salubrit\u00e9 alimentaire. Ce programme d&rsquo;introduction d\u00e9crit comment chaque personne travaillant dans une installation peut avoir une incidence positive ou n\u00e9gative\u00a0sur la salubrit\u00e9 alimentaire.\u00a0Les participants devraient \u00eatre en mesure [&hellip;]<\/p>\n","protected":false},"featured_media":3005,"comment_status":"open","ping_status":"closed","template":"","meta":{"_acf_changed":false},"product_brand":[],"product_cat":[102],"product_tag":[],"class_list":{"0":"post-3707","1":"product","2":"type-product","3":"status-publish","4":"has-post-thumbnail","6":"product_cat-milieux-de-travail-respectueux","8":"first","9":"instock","10":"shipping-taxable","11":"purchasable","12":"product-type-variable"},"acf":[],"_links":{"self":[{"href":"https:\/\/newfpi.velsoftlabs.com\/fr\/wp-json\/wp\/v2\/product\/3707","targetHints":{"allow":["GET"]}}],"collection":[{"href":"https:\/\/newfpi.velsoftlabs.com\/fr\/wp-json\/wp\/v2\/product"}],"about":[{"href":"https:\/\/newfpi.velsoftlabs.com\/fr\/wp-json\/wp\/v2\/types\/product"}],"replies":[{"embeddable":true,"href":"https:\/\/newfpi.velsoftlabs.com\/fr\/wp-json\/wp\/v2\/comments?post=3707"}],"version-history":[{"count":1,"href":"https:\/\/newfpi.velsoftlabs.com\/fr\/wp-json\/wp\/v2\/product\/3707\/revisions"}],"predecessor-version":[{"id":3710,"href":"https:\/\/newfpi.velsoftlabs.com\/fr\/wp-json\/wp\/v2\/product\/3707\/revisions\/3710"}],"wp:featuredmedia":[{"embeddable":true,"href":"https:\/\/newfpi.velsoftlabs.com\/fr\/wp-json\/wp\/v2\/media\/3005"}],"wp:attachment":[{"href":"https:\/\/newfpi.velsoftlabs.com\/fr\/wp-json\/wp\/v2\/media?parent=3707"}],"wp:term":[{"taxonomy":"product_brand","embeddable":true,"href":"https:\/\/newfpi.velsoftlabs.com\/fr\/wp-json\/wp\/v2\/product_brand?post=3707"},{"taxonomy":"product_cat","embeddable":true,"href":"https:\/\/newfpi.velsoftlabs.com\/fr\/wp-json\/wp\/v2\/product_cat?post=3707"},{"taxonomy":"product_tag","embeddable":true,"href":"https:\/\/newfpi.velsoftlabs.com\/fr\/wp-json\/wp\/v2\/product_tag?post=3707"}],"curies":[{"name":"wp","href":"https:\/\/api.w.org\/{rel}","templated":true}]}}