{"id":3781,"date":"2026-01-07T20:02:33","date_gmt":"2026-01-07T20:02:33","guid":{"rendered":"https:\/\/newfpi.velsoftlabs.com\/product\/leadership-2-budgetisation-101\/"},"modified":"2026-01-07T20:02:33","modified_gmt":"2026-01-07T20:02:33","slug":"leadership-2-budgetisation-101","status":"publish","type":"product","link":"https:\/\/newfpi.velsoftlabs.com\/fr\/produit\/leadership-2-budgetisation-101\/","title":{"rendered":"Leadership 2 &#8211; Budg\u00e9tisation 101"},"excerpt":{"rendered":"<p>Description du cours Ce cours offre une compr\u00e9hension de l&rsquo;analyse des dangers et des points critiques pour leur ma\u00eetrise (HACCP) ainsi que de l&rsquo;importance d&rsquo;avoir un programme de salubrit\u00e9 alimentaire. Ce programme d&rsquo;introduction explique comment chaque personne travaillant dans l&rsquo;\u00e9tablissement peut avoir une incidence positive ou n\u00e9gative sur la salubrit\u00e9 alimentaire.\u00a0Les participants devraient \u00eatre en [&hellip;]<\/p>\n","protected":false},"featured_media":3004,"comment_status":"open","ping_status":"closed","template":"","meta":{"_acf_changed":false},"product_brand":[],"product_cat":[99],"product_tag":[],"class_list":{"0":"post-3781","1":"product","2":"type-product","3":"status-publish","4":"has-post-thumbnail","6":"product_cat-leadership","8":"first","9":"instock","10":"shipping-taxable","11":"purchasable","12":"product-type-variable"},"acf":[],"_links":{"self":[{"href":"https:\/\/newfpi.velsoftlabs.com\/fr\/wp-json\/wp\/v2\/product\/3781","targetHints":{"allow":["GET"]}}],"collection":[{"href":"https:\/\/newfpi.velsoftlabs.com\/fr\/wp-json\/wp\/v2\/product"}],"about":[{"href":"https:\/\/newfpi.velsoftlabs.com\/fr\/wp-json\/wp\/v2\/types\/product"}],"replies":[{"embeddable":true,"href":"https:\/\/newfpi.velsoftlabs.com\/fr\/wp-json\/wp\/v2\/comments?post=3781"}],"version-history":[{"count":0,"href":"https:\/\/newfpi.velsoftlabs.com\/fr\/wp-json\/wp\/v2\/product\/3781\/revisions"}],"wp:featuredmedia":[{"embeddable":true,"href":"https:\/\/newfpi.velsoftlabs.com\/fr\/wp-json\/wp\/v2\/media\/3004"}],"wp:attachment":[{"href":"https:\/\/newfpi.velsoftlabs.com\/fr\/wp-json\/wp\/v2\/media?parent=3781"}],"wp:term":[{"taxonomy":"product_brand","embeddable":true,"href":"https:\/\/newfpi.velsoftlabs.com\/fr\/wp-json\/wp\/v2\/product_brand?post=3781"},{"taxonomy":"product_cat","embeddable":true,"href":"https:\/\/newfpi.velsoftlabs.com\/fr\/wp-json\/wp\/v2\/product_cat?post=3781"},{"taxonomy":"product_tag","embeddable":true,"href":"https:\/\/newfpi.velsoftlabs.com\/fr\/wp-json\/wp\/v2\/product_tag?post=3781"}],"curies":[{"name":"wp","href":"https:\/\/api.w.org\/{rel}","templated":true}]}}