{"id":3850,"date":"2026-01-07T20:02:31","date_gmt":"2026-01-07T20:02:31","guid":{"rendered":"https:\/\/newfpi.velsoftlabs.com\/product\/cultures-du-milieu-de-travail-canadien\/"},"modified":"2026-04-30T22:33:57","modified_gmt":"2026-04-30T22:33:57","slug":"cultures-du-milieu-de-travail-canadien","status":"publish","type":"product","link":"https:\/\/newfpi.velsoftlabs.com\/fr\/produit\/cultures-du-milieu-de-travail-canadien\/","title":{"rendered":"Cultures du milieu de travail canadien"},"excerpt":{"rendered":"<p>Description du cours Ce cours permet de comprendre l&rsquo;analyse des dangers et la ma\u00eetrise des points critiques (HACCP) ainsi que l&rsquo;importance d&rsquo;avoir un programme de salubrit\u00e9 alimentaire. Ce programme d&rsquo;introduction explique comment chaque personne travaillant dans l&rsquo;\u00e9tablissement peut avoir une incidence positive ou n\u00e9gative sur la salubrit\u00e9 alimentaire. Les participants devraient pouvoir expliquer les avantages [&hellip;]<\/p>\n","protected":false},"featured_media":2984,"comment_status":"open","ping_status":"closed","template":"","meta":{"_acf_changed":false},"product_brand":[],"product_cat":[101],"product_tag":[],"class_list":{"0":"post-3850","1":"product","2":"type-product","3":"status-publish","4":"has-post-thumbnail","6":"product_cat-competences-essentielles","8":"first","9":"instock","10":"shipping-taxable","11":"purchasable","12":"product-type-variable"},"acf":[],"_links":{"self":[{"href":"https:\/\/newfpi.velsoftlabs.com\/fr\/wp-json\/wp\/v2\/product\/3850","targetHints":{"allow":["GET"]}}],"collection":[{"href":"https:\/\/newfpi.velsoftlabs.com\/fr\/wp-json\/wp\/v2\/product"}],"about":[{"href":"https:\/\/newfpi.velsoftlabs.com\/fr\/wp-json\/wp\/v2\/types\/product"}],"replies":[{"embeddable":true,"href":"https:\/\/newfpi.velsoftlabs.com\/fr\/wp-json\/wp\/v2\/comments?post=3850"}],"version-history":[{"count":1,"href":"https:\/\/newfpi.velsoftlabs.com\/fr\/wp-json\/wp\/v2\/product\/3850\/revisions"}],"predecessor-version":[{"id":3858,"href":"https:\/\/newfpi.velsoftlabs.com\/fr\/wp-json\/wp\/v2\/product\/3850\/revisions\/3858"}],"wp:featuredmedia":[{"embeddable":true,"href":"https:\/\/newfpi.velsoftlabs.com\/fr\/wp-json\/wp\/v2\/media\/2984"}],"wp:attachment":[{"href":"https:\/\/newfpi.velsoftlabs.com\/fr\/wp-json\/wp\/v2\/media?parent=3850"}],"wp:term":[{"taxonomy":"product_brand","embeddable":true,"href":"https:\/\/newfpi.velsoftlabs.com\/fr\/wp-json\/wp\/v2\/product_brand?post=3850"},{"taxonomy":"product_cat","embeddable":true,"href":"https:\/\/newfpi.velsoftlabs.com\/fr\/wp-json\/wp\/v2\/product_cat?post=3850"},{"taxonomy":"product_tag","embeddable":true,"href":"https:\/\/newfpi.velsoftlabs.com\/fr\/wp-json\/wp\/v2\/product_tag?post=3850"}],"curies":[{"name":"wp","href":"https:\/\/api.w.org\/{rel}","templated":true}]}}